{"id":1426,"date":"2024-07-17T19:00:21","date_gmt":"2024-07-17T17:00:21","guid":{"rendered":"https:\/\/www.lepouffre.com\/?page_id=1426"},"modified":"2026-01-23T14:23:00","modified_gmt":"2026-01-23T13:23:00","slug":"ideas-and-information-for-your-holiday","status":"publish","type":"page","link":"http:\/\/www.lepouffre.com\/en\/ideas-and-information-for-your-holiday\/","title":{"rendered":"Ideas and information for your holiday"},"content":{"rendered":"\t\t<div data-elementor-type=\"wp-page\" data-elementor-id=\"1426\" class=\"elementor elementor-1426\">\n\t\t\t\t<div class=\"elementor-element elementor-element-7fc4f97 e-flex e-con-boxed e-con e-parent\" data-id=\"7fc4f97\" data-element_type=\"container\" data-e-type=\"container\">\n\t\t\t\t\t<div class=\"e-con-inner\">\n\t\t\t\t<div class=\"elementor-element elementor-element-07a0f1e elementor-widget elementor-widget-heading\" data-id=\"07a0f1e\" data-element_type=\"widget\" data-e-type=\"widget\" data-widget_type=\"heading.default\">\n\t\t\t\t<div class=\"elementor-widget-container\">\n\t\t\t\t\t<h1 class=\"elementor-heading-title elementor-size-default\">Ideas and information for your holiday in S\u00e8te<\/h1>\t\t\t\t<\/div>\n\t\t\t\t<\/div>\n\t\t\t\t<div class=\"elementor-element elementor-element-1b7514c elementor-widget elementor-widget-heading\" data-id=\"1b7514c\" data-element_type=\"widget\" data-e-type=\"widget\" data-widget_type=\"heading.default\">\n\t\t\t\t<div class=\"elementor-widget-container\">\n\t\t\t\t\t<h2 class=\"elementor-heading-title elementor-size-default\">Le Pouffre and Le Piade holiday rentals<\/h2>\t\t\t\t<\/div>\n\t\t\t\t<\/div>\n\t\t\t\t<div class=\"elementor-element elementor-element-8805ab2 elementor-widget elementor-widget-shortcode\" data-id=\"8805ab2\" data-element_type=\"widget\" data-e-type=\"widget\" data-widget_type=\"shortcode.default\">\n\t\t\t\t<div class=\"elementor-widget-container\">\n\t\t\t\t\t\t\t<div class=\"elementor-shortcode\">\n<div id=\"b24_widget_69f1e2874cb0b\"><span style=\"color:#fff\">Booking widget b24_widget_69f1e2874cb0b<\/span><\/div>\n\n<!-- jquery widget code -->\n<script>\njQuery(document).ready(function() {var b24Attr={widgettype:\"BookingStrip\",ownerid:\"65874\",alignment:\"center\",availableBackgroundColor:\"#ffffff\",availableColor:\"000000\",boxShadow:true,buttonBackgroundColor:\"#fbbb21\",buttonColor:\"#ffffff\",buttonTitle:\"Check availability\",color:\"#000000\",dateFormat:\"dd\/mm\/yy\",dateSelection:\"3\",defaultNightsAdvance:\"7\",defaultNumNight:\"2\",formAction:\"https:\/\/www.lepouffre.com\/en\/book-your-holiday\",pastBackgroundColor:\"#d5d5d5\",peopleSelection:\"1\",referer:\"Website\",showLabels:true,weekFirstDay:\"1\",widgetLang:\"en\",widgetType:\"BookingStrip\",width:\"auto\",};jQuery('#b24_widget_69f1e2874cb0b').bookWidget(b24Attr);});\n<\/script>\n\n<\/div>\n\t\t\t\t\t\t<\/div>\n\t\t\t\t<\/div>\n\t\t\t\t\t<\/div>\n\t\t\t\t<\/div>\n\t\t<div class=\"elementor-element elementor-element-4a8f0f7 e-flex e-con-boxed e-con e-parent\" data-id=\"4a8f0f7\" data-element_type=\"container\" data-e-type=\"container\">\n\t\t\t\t\t<div class=\"e-con-inner\">\n\t\t<div class=\"elementor-element elementor-element-58243eb e-con-full e-flex e-con e-child\" data-id=\"58243eb\" data-element_type=\"container\" data-e-type=\"container\">\n\t\t\t\t<div class=\"elementor-element elementor-element-abe6c77 elementor-widget elementor-widget-text-editor\" data-id=\"abe6c77\" data-element_type=\"widget\" data-e-type=\"widget\" data-widget_type=\"text-editor.default\">\n\t\t\t\t<div class=\"elementor-widget-container\">\n\t\t\t\t\t\t\t\t\t<h3>Ideas and information for your holiday<\/h3>\t\t\t\t\t\t\t\t<\/div>\n\t\t\t\t<\/div>\n\t\t\t\t<\/div>\n\t\t\t\t\t<\/div>\n\t\t\t\t<\/div>\n\t\t<div class=\"elementor-element elementor-element-017ef78 e-flex e-con-boxed e-con e-parent\" data-id=\"017ef78\" data-element_type=\"container\" data-e-type=\"container\">\n\t\t\t\t\t<div class=\"e-con-inner\">\n\t\t\t\t<div class=\"elementor-element elementor-element-539c459 elementor-grid-3 elementor-grid-tablet-2 elementor-grid-mobile-1 elementor-widget elementor-widget-elementor-blog-posts\" data-id=\"539c459\" data-element_type=\"widget\" data-e-type=\"widget\" data-settings=\"{&quot;columns&quot;:&quot;3&quot;,&quot;columns_tablet&quot;:&quot;2&quot;,&quot;columns_mobile&quot;:&quot;1&quot;}\" data-widget_type=\"elementor-blog-posts.default\">\n\t\t\t\t<div class=\"elementor-widget-container\">\n\t\t\t\t\t\t\t<div class=\"wpcap-grid\">\n\t\t\t\t\t\t<div class=\"wpcap-grid-container elementor-grid wpcap-grid-desktop-3 wpcap-grid-tablet-2 wpcap-grid-mobile-1 grid-meta-bottom\">\n\n\t\t\t\t\n        <article id=\"post-4346\" class=\"wpcap-post post-4346 post type-post status-publish format-standard has-post-thumbnail hentry category-non-classifiee\">\n         \n            <div class=\"post-grid-inner\">\n            \t\n            \t\t\t\t<div class=\"post-grid-thumbnail\">\n\t\t\t\t<a href=\"http:\/\/www.lepouffre.com\/en\/ou-observer-les-flamants-roses\/\">\n\t\t\t\t\t<img fetchpriority=\"high\" decoding=\"async\" width=\"1084\" height=\"813\" src=\"http:\/\/www.lepouffre.com\/wp-content\/uploads\/2025\/04\/pink-flamingos-1.jpg\" class=\"attachment-full size-full wp-post-image\" alt=\"O\u00f9 observer les flamants roses pr\u00e8s de S\u00e8te\" srcset=\"http:\/\/www.lepouffre.com\/wp-content\/uploads\/2025\/04\/pink-flamingos-1.jpg 1084w, http:\/\/www.lepouffre.com\/wp-content\/uploads\/2025\/04\/pink-flamingos-1-300x225.jpg 300w, http:\/\/www.lepouffre.com\/wp-content\/uploads\/2025\/04\/pink-flamingos-1-1024x768.jpg 1024w, http:\/\/www.lepouffre.com\/wp-content\/uploads\/2025\/04\/pink-flamingos-1-768x576.jpg 768w\" sizes=\"(max-width: 1084px) 100vw, 1084px\" \/>\t\t\t\t<\/a>\n\t\t\t<\/div>\n        \n                <div class=\"post-grid-text-wrap\">\n               \t\t\t\t<h5 class=\"title\">\n\t\t\t<a href=\"http:\/\/www.lepouffre.com\/en\/ou-observer-les-flamants-roses\/\">Where can we see pink flamingos near S\u00e8te?<\/a>\n\t\t<\/h5>\n\t\t\t                \t\t<div class=\"post-grid-excerpt\">\n\t\t\t<p>Step into paradise during your holiday, where the lagoons and former salt pans around S\u00e8te come alive with the grace of flamingos.<\/p>\n\t\t<\/div>\n\t\t\t                \t\t<a class=\"read-more-btn\" href=\"http:\/\/www.lepouffre.com\/en\/ou-observer-les-flamants-roses\/\">Lire la suite \u00bb<\/a>\n\t\t                <\/div>\n\n                \n            <\/div><!-- .blog-inner -->\n           \n        <\/article>\n\n        \n        <article id=\"post-1486\" class=\"wpcap-post post-1486 post type-post status-publish format-standard has-post-thumbnail hentry category-non-classifiee\">\n         \n            <div class=\"post-grid-inner\">\n            \t\n            \t\t\t\t<div class=\"post-grid-thumbnail\">\n\t\t\t\t<a href=\"http:\/\/www.lepouffre.com\/en\/our-restaurant-recommendations-in-sete\/\">\n\t\t\t\t\t<img decoding=\"async\" width=\"900\" height=\"675\" src=\"http:\/\/www.lepouffre.com\/wp-content\/uploads\/2024\/07\/restaurant-guide-sete-le_passage_sete.jpg\" class=\"attachment-full size-full wp-post-image\" alt=\"Recommendantions de restaurants \u00e0 S\u00e8te, Le Passage\" srcset=\"http:\/\/www.lepouffre.com\/wp-content\/uploads\/2024\/07\/restaurant-guide-sete-le_passage_sete.jpg 900w, http:\/\/www.lepouffre.com\/wp-content\/uploads\/2024\/07\/restaurant-guide-sete-le_passage_sete-300x225.jpg 300w, http:\/\/www.lepouffre.com\/wp-content\/uploads\/2024\/07\/restaurant-guide-sete-le_passage_sete-768x576.jpg 768w\" sizes=\"(max-width: 900px) 100vw, 900px\" \/>\t\t\t\t<\/a>\n\t\t\t<\/div>\n        \n                <div class=\"post-grid-text-wrap\">\n               \t\t\t\t<h5 class=\"title\">\n\t\t\t<a href=\"http:\/\/www.lepouffre.com\/en\/our-restaurant-recommendations-in-sete\/\">Our restaurant recommendations in S\u00e8te<\/a>\n\t\t<\/h5>\n\t\t\t                \t\t<div class=\"post-grid-excerpt\">\n\t\t\t<p>Tielle, macaronade, oysters and mussels from the Thau lagoon&#8230; take a look at our restaurant recommendations for tasting the specialities of S\u00e8te.<\/p>\n\t\t<\/div>\n\t\t\t                \t\t<a class=\"read-more-btn\" href=\"http:\/\/www.lepouffre.com\/en\/our-restaurant-recommendations-in-sete\/\">Lire la suite \u00bb<\/a>\n\t\t                <\/div>\n\n                \n            <\/div><!-- .blog-inner -->\n           \n        <\/article>\n\n        \n        <article id=\"post-1451\" class=\"wpcap-post post-1451 post type-post status-publish format-standard has-post-thumbnail hentry category-non-classifiee\">\n         \n            <div class=\"post-grid-inner\">\n            \t\n            \t\t\t\t<div class=\"post-grid-thumbnail\">\n\t\t\t\t<a href=\"http:\/\/www.lepouffre.com\/en\/visit-the-filming-locations-of-demain-nous-appartient\/\">\n\t\t\t\t\t<img decoding=\"async\" width=\"1028\" height=\"770\" src=\"http:\/\/www.lepouffre.com\/wp-content\/uploads\/2024\/07\/studio-et-commissariat-DNA.jpg\" class=\"attachment-full size-full wp-post-image\" alt=\"Visitez les lieux de tournage de Demain Nous Appartient, Le Studio de DNA et Le Commissariat\" srcset=\"http:\/\/www.lepouffre.com\/wp-content\/uploads\/2024\/07\/studio-et-commissariat-DNA.jpg 1028w, http:\/\/www.lepouffre.com\/wp-content\/uploads\/2024\/07\/studio-et-commissariat-DNA-300x225.jpg 300w, http:\/\/www.lepouffre.com\/wp-content\/uploads\/2024\/07\/studio-et-commissariat-DNA-1024x767.jpg 1024w, http:\/\/www.lepouffre.com\/wp-content\/uploads\/2024\/07\/studio-et-commissariat-DNA-768x575.jpg 768w\" sizes=\"(max-width: 1028px) 100vw, 1028px\" \/>\t\t\t\t<\/a>\n\t\t\t<\/div>\n        \n                <div class=\"post-grid-text-wrap\">\n               \t\t\t\t<h5 class=\"title\">\n\t\t\t<a href=\"http:\/\/www.lepouffre.com\/en\/visit-the-filming-locations-of-demain-nous-appartient\/\">Visit the filming locations of Demain Nous Appartient<\/a>\n\t\t<\/h5>\n\t\t\t                \t\t<div class=\"post-grid-excerpt\">\n\t\t\t<p>Fan of the French TF1 TV series &#8220;Demain Nous Appartient&#8221; ? Discover the filming location and visit S\u00e8te!<\/p>\n\t\t<\/div>\n\t\t\t                \t\t<a class=\"read-more-btn\" href=\"http:\/\/www.lepouffre.com\/en\/visit-the-filming-locations-of-demain-nous-appartient\/\">Lire la suite \u00bb<\/a>\n\t\t                <\/div>\n\n                \n            <\/div><!-- .blog-inner -->\n           \n        <\/article>\n\n        \n        <article id=\"post-1456\" class=\"wpcap-post post-1456 post type-post status-publish format-standard has-post-thumbnail hentry category-non-classifiee\">\n         \n            <div class=\"post-grid-inner\">\n            \t\n            \t\t\t\t<div class=\"post-grid-thumbnail\">\n\t\t\t\t<a href=\"http:\/\/www.lepouffre.com\/en\/climb-mont-saint-clair-in-sete\/\">\n\t\t\t\t\t<img loading=\"lazy\" decoding=\"async\" width=\"1224\" height=\"918\" src=\"http:\/\/www.lepouffre.com\/wp-content\/uploads\/2024\/07\/P1080064-1.jpg\" class=\"attachment-full size-full wp-post-image\" alt=\"Montez le Mont Saint Clair de S\u00e8te \u00e0 pied, le Croix de S\u00e8te sur le Mont Saint Clair\" srcset=\"http:\/\/www.lepouffre.com\/wp-content\/uploads\/2024\/07\/P1080064-1.jpg 1224w, http:\/\/www.lepouffre.com\/wp-content\/uploads\/2024\/07\/P1080064-1-300x225.jpg 300w, http:\/\/www.lepouffre.com\/wp-content\/uploads\/2024\/07\/P1080064-1-1024x768.jpg 1024w, http:\/\/www.lepouffre.com\/wp-content\/uploads\/2024\/07\/P1080064-1-768x576.jpg 768w\" sizes=\"(max-width: 1224px) 100vw, 1224px\" \/>\t\t\t\t<\/a>\n\t\t\t<\/div>\n        \n                <div class=\"post-grid-text-wrap\">\n               \t\t\t\t<h5 class=\"title\">\n\t\t\t<a href=\"http:\/\/www.lepouffre.com\/en\/climb-mont-saint-clair-in-sete\/\">Climb Mont Saint Clair in S\u00e8te<\/a>\n\t\t<\/h5>\n\t\t\t                \t\t<div class=\"post-grid-excerpt\">\n\t\t\t<p>Explore the narrow lanes of Mont Saint-Clair on foot and stroll around the traditional villas dating from the early 19th century, while enjoying breathtaking views at every turn!<\/p>\n\t\t<\/div>\n\t\t\t                \t\t<a class=\"read-more-btn\" href=\"http:\/\/www.lepouffre.com\/en\/climb-mont-saint-clair-in-sete\/\">Lire la suite \u00bb<\/a>\n\t\t                <\/div>\n\n                \n            <\/div><!-- .blog-inner -->\n           \n        <\/article>\n\n        \n        <article id=\"post-1454\" class=\"wpcap-post post-1454 post type-post status-publish format-standard has-post-thumbnail hentry category-non-classifiee\">\n         \n            <div class=\"post-grid-inner\">\n            \t\n            \t\t\t\t<div class=\"post-grid-thumbnail\">\n\t\t\t\t<a href=\"http:\/\/www.lepouffre.com\/en\/visit-la-pointe-courte-in-sete\/\">\n\t\t\t\t\t<img loading=\"lazy\" decoding=\"async\" width=\"1728\" height=\"1296\" src=\"http:\/\/www.lepouffre.com\/wp-content\/uploads\/2024\/07\/fresque-Agnes-Varda-La-Point-Courte-Sete.jpg\" class=\"attachment-full size-full wp-post-image\" alt=\"Visitez la Pointe Courte, S\u00e8te, fresque de l\u2019artiste am\u00e9ricaine Barbara Carrasco peinte sur le mur d\u2019une maison de la Pointe Courte \u00e0 S\u00e8te durant la manifestation artistique S\u00e8te-Los Angeles 2019\" srcset=\"http:\/\/www.lepouffre.com\/wp-content\/uploads\/2024\/07\/fresque-Agnes-Varda-La-Point-Courte-Sete.jpg 1728w, http:\/\/www.lepouffre.com\/wp-content\/uploads\/2024\/07\/fresque-Agnes-Varda-La-Point-Courte-Sete-300x225.jpg 300w, http:\/\/www.lepouffre.com\/wp-content\/uploads\/2024\/07\/fresque-Agnes-Varda-La-Point-Courte-Sete-1024x768.jpg 1024w, http:\/\/www.lepouffre.com\/wp-content\/uploads\/2024\/07\/fresque-Agnes-Varda-La-Point-Courte-Sete-768x576.jpg 768w, http:\/\/www.lepouffre.com\/wp-content\/uploads\/2024\/07\/fresque-Agnes-Varda-La-Point-Courte-Sete-1536x1152.jpg 1536w\" sizes=\"(max-width: 1728px) 100vw, 1728px\" \/>\t\t\t\t<\/a>\n\t\t\t<\/div>\n        \n                <div class=\"post-grid-text-wrap\">\n               \t\t\t\t<h5 class=\"title\">\n\t\t\t<a href=\"http:\/\/www.lepouffre.com\/en\/visit-la-pointe-courte-in-sete\/\">Visit La Pointe Courte in S\u00e8te<\/a>\n\t\t<\/h5>\n\t\t\t                \t\t<div class=\"post-grid-excerpt\">\n\t\t\t<p>The quintessential fishermen&#8217;s quarter, a long way from S\u00e8te city centre, has carefully preserved its traces of the past, with picturesque narrow streets, fishermen&#8217;s cottages and centuries of history.<\/p>\n\t\t<\/div>\n\t\t\t                \t\t<a class=\"read-more-btn\" href=\"http:\/\/www.lepouffre.com\/en\/visit-la-pointe-courte-in-sete\/\">Lire la suite \u00bb<\/a>\n\t\t                <\/div>\n\n                \n            <\/div><!-- .blog-inner -->\n           \n        <\/article>\n\n        \n        <article id=\"post-1457\" class=\"wpcap-post post-1457 post type-post status-publish format-standard has-post-thumbnail hentry category-non-classifiee\">\n         \n            <div class=\"post-grid-inner\">\n            \t\n            \t\t\t\t<div class=\"post-grid-thumbnail\">\n\t\t\t\t<a href=\"http:\/\/www.lepouffre.com\/en\/a-weekend-in-sete-with-friends-and-family\/\">\n\t\t\t\t\t<img loading=\"lazy\" decoding=\"async\" width=\"900\" height=\"675\" src=\"http:\/\/www.lepouffre.com\/wp-content\/uploads\/2024\/07\/le-mole-le-phare-sete.jpg\" class=\"attachment-full size-full wp-post-image\" alt=\"Un week-end \u00e0 S\u00e8te en famille, Le Mole avec son phare \u00e0 S\u00e8te\" srcset=\"http:\/\/www.lepouffre.com\/wp-content\/uploads\/2024\/07\/le-mole-le-phare-sete.jpg 900w, http:\/\/www.lepouffre.com\/wp-content\/uploads\/2024\/07\/le-mole-le-phare-sete-300x225.jpg 300w, http:\/\/www.lepouffre.com\/wp-content\/uploads\/2024\/07\/le-mole-le-phare-sete-768x576.jpg 768w\" sizes=\"(max-width: 900px) 100vw, 900px\" \/>\t\t\t\t<\/a>\n\t\t\t<\/div>\n        \n                <div class=\"post-grid-text-wrap\">\n               \t\t\t\t<h5 class=\"title\">\n\t\t\t<a href=\"http:\/\/www.lepouffre.com\/en\/a-weekend-in-sete-with-friends-and-family\/\">A weekend in S\u00e8te with friends and family<\/a>\n\t\t<\/h5>\n\t\t\t                \t\t<div class=\"post-grid-excerpt\">\n\t\t\t<p>Between the sandy beaches, the blue waves, the historic monuments and the picturesque districts of S\u00e8te. You&#8217;ll feel like you&#8217;re on holiday when you visit S\u00e8te.<\/p>\n\t\t<\/div>\n\t\t\t                \t\t<a class=\"read-more-btn\" href=\"http:\/\/www.lepouffre.com\/en\/a-weekend-in-sete-with-friends-and-family\/\">Lire la suite \u00bb<\/a>\n\t\t                <\/div>\n\n                \n            <\/div><!-- .blog-inner -->\n           \n        <\/article>\n\n        \n        <article id=\"post-1485\" class=\"wpcap-post post-1485 post type-post status-publish format-standard has-post-thumbnail hentry category-non-classifiee\">\n         \n            <div class=\"post-grid-inner\">\n            \t\n            \t\t\t\t<div class=\"post-grid-thumbnail\">\n\t\t\t\t<a href=\"http:\/\/www.lepouffre.com\/en\/where-are-the-best-beaches-in-sete\/\">\n\t\t\t\t\t<img loading=\"lazy\" decoding=\"async\" width=\"2560\" height=\"1920\" src=\"http:\/\/www.lepouffre.com\/wp-content\/uploads\/2025\/01\/20241228_141657-scaled.jpg\" class=\"attachment-full size-full wp-post-image\" alt=\"Quelle est la plus belle plage de S\u00e8te, Crique de la Nau and Crique de la Vigie\" srcset=\"http:\/\/www.lepouffre.com\/wp-content\/uploads\/2025\/01\/20241228_141657-scaled.jpg 2560w, http:\/\/www.lepouffre.com\/wp-content\/uploads\/2025\/01\/20241228_141657-300x225.jpg 300w, http:\/\/www.lepouffre.com\/wp-content\/uploads\/2025\/01\/20241228_141657-1024x768.jpg 1024w, http:\/\/www.lepouffre.com\/wp-content\/uploads\/2025\/01\/20241228_141657-768x576.jpg 768w, http:\/\/www.lepouffre.com\/wp-content\/uploads\/2025\/01\/20241228_141657-1536x1152.jpg 1536w, http:\/\/www.lepouffre.com\/wp-content\/uploads\/2025\/01\/20241228_141657-2048x1536.jpg 2048w\" sizes=\"(max-width: 2560px) 100vw, 2560px\" \/>\t\t\t\t<\/a>\n\t\t\t<\/div>\n        \n                <div class=\"post-grid-text-wrap\">\n               \t\t\t\t<h5 class=\"title\">\n\t\t\t<a href=\"http:\/\/www.lepouffre.com\/en\/where-are-the-best-beaches-in-sete\/\">Where are the best beaches in S\u00e8te?<\/a>\n\t\t<\/h5>\n\t\t\t                \t\t<div class=\"post-grid-excerpt\">\n\t\t\t<p>A total of 11 beaches stretching over 14 km where you can relax in the sun, sip cocktails and enjoy tapas with your feet in the sand&#8230;<\/p>\n\t\t<\/div>\n\t\t\t                \t\t<a class=\"read-more-btn\" href=\"http:\/\/www.lepouffre.com\/en\/where-are-the-best-beaches-in-sete\/\">Lire la suite \u00bb<\/a>\n\t\t                <\/div>\n\n                \n            <\/div><!-- .blog-inner -->\n           \n        <\/article>\n\n        \n        <article id=\"post-1453\" class=\"wpcap-post post-1453 post type-post status-publish format-standard has-post-thumbnail hentry category-non-classifiee\">\n         \n            <div class=\"post-grid-inner\">\n            \t\n            \t\t\t\t<div class=\"post-grid-thumbnail\">\n\t\t\t\t<a href=\"http:\/\/www.lepouffre.com\/en\/le-pouffre-and-its-tielle-a-speciality-of-sete\/\">\n\t\t\t\t\t<img loading=\"lazy\" decoding=\"async\" width=\"1066\" height=\"800\" src=\"http:\/\/www.lepouffre.com\/wp-content\/uploads\/2024\/07\/le-pouffre-place-de-la-mairie-sete_ml_resize_x2-1.jpg\" class=\"attachment-full size-full wp-post-image\" alt=\"Le Pouffre et sa tielle, une sp\u00e9cialit\u00e9 S\u00e9tois, Place L\u00e9on Blum face \u00e0 la Mairie de S\u00e8te aussi appel\u00e9e la Place du Pouffre par les S\u00e9tois avec sa c\u00e9l\u00e8bre fontaine, sculpt\u00e9e par Pierre Nocca\" srcset=\"http:\/\/www.lepouffre.com\/wp-content\/uploads\/2024\/07\/le-pouffre-place-de-la-mairie-sete_ml_resize_x2-1.jpg 1066w, http:\/\/www.lepouffre.com\/wp-content\/uploads\/2024\/07\/le-pouffre-place-de-la-mairie-sete_ml_resize_x2-1-300x225.jpg 300w, http:\/\/www.lepouffre.com\/wp-content\/uploads\/2024\/07\/le-pouffre-place-de-la-mairie-sete_ml_resize_x2-1-1024x768.jpg 1024w, http:\/\/www.lepouffre.com\/wp-content\/uploads\/2024\/07\/le-pouffre-place-de-la-mairie-sete_ml_resize_x2-1-768x576.jpg 768w\" sizes=\"(max-width: 1066px) 100vw, 1066px\" \/>\t\t\t\t<\/a>\n\t\t\t<\/div>\n        \n                <div class=\"post-grid-text-wrap\">\n               \t\t\t\t<h5 class=\"title\">\n\t\t\t<a href=\"http:\/\/www.lepouffre.com\/en\/le-pouffre-and-its-tielle-a-speciality-of-sete\/\">Le Pouffre and its tielle, a speciality of S\u00e8te<\/a>\n\t\t<\/h5>\n\t\t\t                \t\t<div class=\"post-grid-excerpt\">\n\t\t\t<p>What is a &#8220;pouffre&#8221;? S\u00e8te celebrates the octopus through one of its gastronomic specialities: \u2018tielle de pouffre\u2019. Discover it and its Italian origins.<\/p>\n\t\t<\/div>\n\t\t\t                \t\t<a class=\"read-more-btn\" href=\"http:\/\/www.lepouffre.com\/en\/le-pouffre-and-its-tielle-a-speciality-of-sete\/\">Lire la suite \u00bb<\/a>\n\t\t                <\/div>\n\n                \n            <\/div><!-- .blog-inner -->\n           \n        <\/article>\n\n        \n        <article id=\"post-2552\" class=\"wpcap-post post-2552 post type-post status-publish format-standard has-post-thumbnail hentry category-non-classifiee\">\n         \n            <div class=\"post-grid-inner\">\n            \t\n            \t\t\t\t<div class=\"post-grid-thumbnail\">\n\t\t\t\t<a href=\"http:\/\/www.lepouffre.com\/en\/what-to-do-in-sete-when-its-raining\/\">\n\t\t\t\t\t<img loading=\"lazy\" decoding=\"async\" width=\"1152\" height=\"866\" src=\"http:\/\/www.lepouffre.com\/wp-content\/uploads\/2024\/10\/0f407c41-aa64-467f-81ce-703cc833ecb7.webp\" class=\"attachment-full size-full wp-post-image\" alt=\"Que faire \u00e0 S\u00e8te avec les enfants quand il pleut\" srcset=\"http:\/\/www.lepouffre.com\/wp-content\/uploads\/2024\/10\/0f407c41-aa64-467f-81ce-703cc833ecb7.webp 1152w, http:\/\/www.lepouffre.com\/wp-content\/uploads\/2024\/10\/0f407c41-aa64-467f-81ce-703cc833ecb7-300x226.webp 300w, http:\/\/www.lepouffre.com\/wp-content\/uploads\/2024\/10\/0f407c41-aa64-467f-81ce-703cc833ecb7-1024x770.webp 1024w, http:\/\/www.lepouffre.com\/wp-content\/uploads\/2024\/10\/0f407c41-aa64-467f-81ce-703cc833ecb7-768x577.webp 768w\" sizes=\"(max-width: 1152px) 100vw, 1152px\" \/>\t\t\t\t<\/a>\n\t\t\t<\/div>\n        \n                <div class=\"post-grid-text-wrap\">\n               \t\t\t\t<h5 class=\"title\">\n\t\t\t<a href=\"http:\/\/www.lepouffre.com\/en\/what-to-do-in-sete-when-its-raining\/\">What to do in S\u00e8te when it&#8217;s raining<\/a>\n\t\t<\/h5>\n\t\t\t                \t\t<div class=\"post-grid-excerpt\">\n\t\t\t<p>Here are some ideas for activities to do in S\u00e8te with children when it rains, so you can have a great time while staying dry!<\/p>\n\t\t<\/div>\n\t\t\t                \t\t<a class=\"read-more-btn\" href=\"http:\/\/www.lepouffre.com\/en\/what-to-do-in-sete-when-its-raining\/\">Lire la suite \u00bb<\/a>\n\t\t                <\/div>\n\n                \n            <\/div><!-- .blog-inner -->\n           \n        <\/article>\n\n        \n        <article id=\"post-1888\" class=\"wpcap-post post-1888 post type-post status-publish format-standard has-post-thumbnail hentry category-non-classifiee\">\n         \n            <div class=\"post-grid-inner\">\n            \t\n            \t\t\t\t<div class=\"post-grid-thumbnail\">\n\t\t\t\t<a href=\"http:\/\/www.lepouffre.com\/en\/top-tips-for-choosing-the-perfect-airbnb-in-sete\/\">\n\t\t\t\t\t<img loading=\"lazy\" decoding=\"async\" width=\"1224\" height=\"918\" src=\"http:\/\/www.lepouffre.com\/wp-content\/uploads\/2024\/07\/P1080067.jpg\" class=\"attachment-full size-full wp-post-image\" alt=\"Montez le Mont Saint Clair de S\u00e8te \u00e0 pied, vue \u00e0 partir du Mont St Clair sur la ville de S\u00e8te et la c\u00f4te Languedocienne\" srcset=\"http:\/\/www.lepouffre.com\/wp-content\/uploads\/2024\/07\/P1080067.jpg 1224w, http:\/\/www.lepouffre.com\/wp-content\/uploads\/2024\/07\/P1080067-300x225.jpg 300w, http:\/\/www.lepouffre.com\/wp-content\/uploads\/2024\/07\/P1080067-1024x768.jpg 1024w, http:\/\/www.lepouffre.com\/wp-content\/uploads\/2024\/07\/P1080067-768x576.jpg 768w\" sizes=\"(max-width: 1224px) 100vw, 1224px\" \/>\t\t\t\t<\/a>\n\t\t\t<\/div>\n        \n                <div class=\"post-grid-text-wrap\">\n               \t\t\t\t<h5 class=\"title\">\n\t\t\t<a href=\"http:\/\/www.lepouffre.com\/en\/top-tips-for-choosing-the-perfect-airbnb-in-sete\/\">Top tips for choosing the perfect Airbnb in S\u00e8te<\/a>\n\t\t<\/h5>\n\t\t\t                \t\t<div class=\"post-grid-excerpt\">\n\t\t\t<p>This guide helps you choose the perfect Airbnb in S\u00e8te for a comfortable and well-informed stay.<\/p>\n\t\t<\/div>\n\t\t\t                \t\t<a class=\"read-more-btn\" href=\"http:\/\/www.lepouffre.com\/en\/top-tips-for-choosing-the-perfect-airbnb-in-sete\/\">Lire la suite \u00bb<\/a>\n\t\t                <\/div>\n\n                \n            <\/div><!-- .blog-inner -->\n           \n        <\/article>\n\n        \n\t\t\t<\/div>\n\t\t<\/div>\n\t\t\t\t\t\t<\/div>\n\t\t\t\t<\/div>\n\t\t\t\t\t<\/div>\n\t\t\t\t<\/div>\n\t\t\t\t<\/div>\n\t\t","protected":false},"excerpt":{"rendered":"<p>Ideas and information for your holiday in S\u00e8te Le Pouffre and Le Piade holiday rentals Ideas and information for your holiday O\u00f9 observer les flamants roses ? Les lagunes et les anciens salins autour de S\u00e8te offrent toute l\u2019ann\u00e9e un spectacle unique de flamants roses avec des colonies r\u00e9sidentes. Privil\u00e9giez les balades t\u00f4t le matin [&hellip;]<\/p>\n","protected":false},"author":1,"featured_media":0,"parent":0,"menu_order":0,"comment_status":"closed","ping_status":"closed","template":"elementor_header_footer","meta":{"hide_page_title":"","footnotes":""},"class_list":["post-1426","page","type-page","status-publish","hentry"],"_links":{"self":[{"href":"http:\/\/www.lepouffre.com\/en\/wp-json\/wp\/v2\/pages\/1426","targetHints":{"allow":["GET"]}}],"collection":[{"href":"http:\/\/www.lepouffre.com\/en\/wp-json\/wp\/v2\/pages"}],"about":[{"href":"http:\/\/www.lepouffre.com\/en\/wp-json\/wp\/v2\/types\/page"}],"author":[{"embeddable":true,"href":"http:\/\/www.lepouffre.com\/en\/wp-json\/wp\/v2\/users\/1"}],"replies":[{"embeddable":true,"href":"http:\/\/www.lepouffre.com\/en\/wp-json\/wp\/v2\/comments?post=1426"}],"version-history":[{"count":31,"href":"http:\/\/www.lepouffre.com\/en\/wp-json\/wp\/v2\/pages\/1426\/revisions"}],"predecessor-version":[{"id":6790,"href":"http:\/\/www.lepouffre.com\/en\/wp-json\/wp\/v2\/pages\/1426\/revisions\/6790"}],"wp:attachment":[{"href":"http:\/\/www.lepouffre.com\/en\/wp-json\/wp\/v2\/media?parent=1426"}],"curies":[{"name":"wp","href":"https:\/\/api.w.org\/{rel}","templated":true}]}}